{"id":32,"date":"2025-06-18T08:38:19","date_gmt":"2025-06-18T06:38:19","guid":{"rendered":"https:\/\/forms.mopr.poznan.pl\/?page_id=32"},"modified":"2025-06-24T11:13:10","modified_gmt":"2025-06-24T09:13:10","slug":"f1","status":"publish","type":"page","link":"https:\/\/forms.mopr.poznan.pl\/?page_id=32","title":{"rendered":"F1"},"content":{"rendered":"\t\t<div data-elementor-type=\"wp-page\" data-elementor-id=\"32\" class=\"elementor elementor-32\" data-elementor-post-type=\"page\">\n\t\t\t\t<div class=\"elementor-element elementor-element-57cd010 e-flex e-con-boxed e-con e-parent\" data-id=\"57cd010\" data-element_type=\"container\">\n\t\t\t\t\t<div class=\"e-con-inner\">\n\t\t\t\t<div class=\"elementor-element elementor-element-59b84c4 elementor-widget elementor-widget-shortcode\" data-id=\"59b84c4\" data-element_type=\"widget\" data-widget_type=\"shortcode.default\">\n\t\t\t\t<div class=\"elementor-widget-container\">\n\t\t\t\t\t\t\t<div class=\"elementor-shortcode\"><div class='fluentform ff-default fluentform_wrapper_4 ffs_default_wrap'><form data-form_id=\"4\" id=\"fluentform_4\" class=\"frm-fluent-form fluent_form_4 ff-el-form-top ff_form_instance_4_1 ff-form-loading ffs_default\" data-form_instance=\"ff_form_instance_4_1\" method=\"POST\" ><fieldset  style=\"border: none!important;margin: 0!important;padding: 0!important;background-color: transparent!important;box-shadow: none!important;outline: none!important; min-inline-size: 100%;\">\n                    <legend class=\"ff_screen_reader_title\" style=\"display: block; margin: 0!important;padding: 0!important;height: 0!important;text-indent: -999999px;width: 0!important;overflow:hidden;\">Protok\u00f3\u0142 Przekazania<\/legend><input type='hidden' name='__fluent_form_embded_post_id' value='32' \/><input type=\"hidden\" id=\"_fluentform_4_fluentformnonce\" name=\"_fluentform_4_fluentformnonce\" value=\"d13593c0fe\" \/><input type=\"hidden\" name=\"_wp_http_referer\" value=\"\/index.php?rest_route=%2Fwp%2Fv2%2Fpages%2F32\" \/><div class='ff-el-group    ff-el-input--content'><div class='ff-el-form-check ff-el-tc'><label aria-label='Protok\u00f3\u0142 zdawczo - odbiorczy' class='ff-el-form-check-label ff_tc_label' for=Protok___zdawczo___odbiorczy_734ac2b798c8ccdf2556c2ca2056cdc1> <div class='ff_t_c'><h3 style=\"text-align: center\"><strong>Protok\u00f3\u0142 zdawczo - odbiorczy<\/strong><\/h3><\/div><\/label><\/div><\/div><div data-name=\"ff_cn_id_1\"  class='ff-t-container ff-column-container ff_columns_total_2  '><div class='ff-t-cell ff-t-column-1' style='flex-basis: 11.67%;'><div class='ff-el-group    ff-el-input--content'><div class='ff-el-form-check ff-el-tc'><label aria-label='nr MOPR-XV.0250.' class='ff-el-form-check-label ff_tc_label' for=nr_MOPR_XV_0250__b9a3703fb83b9a3ab226f5e98f63008f> <div class='ff_t_c'><p style=\"text-align: right\">nr <em>MOPR-XV.0250.<\/em><\/p><\/div><\/label><\/div><\/div><\/div><div class='ff-t-cell ff-t-column-2' style='flex-basis: 88.33%;'><div class='ff-el-group'><div class='ff-el-input--content'><input type=\"text\" name=\"Numer_protokolu\" class=\"ff-el-form-control\" data-name=\"Numer_protokolu\" id=\"ff_4_Numer_protokolu\"  aria-invalid=\"false\" aria-required=false><\/div><\/div><\/div><\/div><div class='ff-el-group    ff-el-input--content'><div class='ff-el-form-check ff-el-tc'><label aria-label='Przekazanie sprz\u0119tu' class='ff-el-form-check-label ff_tc_label' for=Przekazanie_sprz_tu_61b5ba08928d20877b1f04d5ba400e5d> <div class='ff_t_c'><h2 style=\"text-align: center\"><u><strong>Przekazanie sprz\u0119tu<\/strong> <\/u><\/h2><\/div><\/label><\/div><\/div><div data-name=\"ff_cn_id_2\"  class='ff-t-container ff-column-container ff_columns_total_4  '><div class='ff-t-cell ff-t-column-1' style='flex-basis: 10%;'><div class='ff-el-group    ff-el-input--content'><div class='ff-el-form-check ff-el-tc'><label aria-label='Lp.' class='ff-el-form-check-label ff_tc_label' for=LP_b5278d3ea2d7e7103d819909f09d2555> <div class='ff_t_c'><p style=\"text-align: center\"><strong>Lp.<\/strong><\/p><\/div><\/label><\/div><\/div><div class='ff-el-group'><div class='ff-el-input--content'><input type=\"text\" name=\"lp1\" class=\"ff-el-form-control\" data-name=\"lp1\" id=\"ff_4_lp1\"  aria-invalid=\"false\" aria-required=false><\/div><\/div><div class='ff-el-group'><div class='ff-el-input--content'><input type=\"text\" name=\"lp2\" class=\"ff-el-form-control\" data-name=\"lp2\" id=\"ff_4_lp2\"  aria-invalid=\"false\" aria-required=false><\/div><\/div><div class='ff-el-group'><div class='ff-el-input--content'><input type=\"text\" name=\"lp3\" class=\"ff-el-form-control\" data-name=\"lp3\" id=\"ff_4_lp3\"  aria-invalid=\"false\" aria-required=false><\/div><\/div><\/div><div class='ff-t-cell ff-t-column-2' style='flex-basis: 20.38%;'><div class='ff-el-group    ff-el-input--content'><div class='ff-el-form-check ff-el-tc'><label aria-label='Sprz\u0119t' class='ff-el-form-check-label ff_tc_label' for=Sprzet_50cd1f3b909edaf53df475f3d2d2b28d> <div class='ff_t_c'><p style=\"text-align: center\"><strong>Sprz\u0119t<\/strong><\/p><\/div><\/label><\/div><\/div><div class='ff-el-group'><div class='ff-el-input--content'><select name=\"Sprzet1\" id=\"ff_4_Sprzet1\" class=\"ff-el-form-control\" data-name=\"Sprzet1\" data-calc_value=\"0\"  aria-invalid=\"false\" aria-required=false><option value=\"\">Wybierz rodzaj sprz\u0119tu<\/option><option value=\"Laptop\"  >Laptop<\/option><option value=\"Torba do laptopa\"  >Torba do laptopa<\/option><option value=\"Telefon kom\u00f3rkowy\"  >Telefon kom\u00f3rkowy<\/option><option value=\"Karta SKD\"  >Karta SKD<\/option><option value=\"Inne\"  >Inne<\/option><\/select><\/div><\/div><div class='ff-el-group'><div class='ff-el-input--content'><select name=\"Sprzet_2\" id=\"ff_4_Sprzet_2\" class=\"ff-el-form-control\" data-name=\"Sprzet_2\" data-calc_value=\"0\"  aria-invalid=\"false\" aria-required=false><option value=\"\">Wybierz rodzaj sprz\u0119tu<\/option><option value=\"Laptop\"  >Laptop<\/option><option value=\"Torba do laptopa\"  >Torba do laptopa<\/option><option value=\"Telefon kom\u00f3rkowy\"  >Telefon kom\u00f3rkowy<\/option><option value=\"Karta SKD\"  >Karta SKD<\/option><option value=\"Inne\"  >Inne<\/option><\/select><\/div><\/div><div class='ff-el-group'><div class='ff-el-input--content'><select name=\"Sprzet_3\" id=\"ff_4_Sprzet_3\" class=\"ff-el-form-control\" data-name=\"Sprzet_3\" data-calc_value=\"0\"  aria-invalid=\"false\" aria-required=false><option value=\"\">Wybierz rodzaj sprz\u0119tu<\/option><option value=\"Laptop\"  >Laptop<\/option><option value=\"Torba do laptopa\"  >Torba do laptopa<\/option><option value=\"Telefon kom\u00f3rkowy\"  >Telefon kom\u00f3rkowy<\/option><option value=\"Karta SKD\"  >Karta SKD<\/option><option value=\"Inne\"  >Inne<\/option><\/select><\/div><\/div><\/div><div class='ff-t-cell ff-t-column-3' style='flex-basis: 44.62%;'><div class='ff-el-group    ff-el-input--content'><div class='ff-el-form-check ff-el-tc'><label aria-label='Dane techniczne sprz\u0119tu' class='ff-el-form-check-label ff_tc_label' for=Dane_techniczne_sprzetu_20e759e1b14cb8e8930f720709636119> <div class='ff_t_c'><p style=\"text-align: center\"><strong>Dane techniczne sprz\u0119tu<\/strong><\/p><\/div><\/label><\/div><\/div><div class='ff-el-group'><div class='ff-el-input--content'><input type=\"text\" name=\"Dane_techniczne_sprzetu_1\" class=\"ff-el-form-control\" data-name=\"Dane_techniczne_sprzetu_1\" id=\"ff_4_Dane_techniczne_sprzetu_1\"  aria-invalid=\"false\" aria-required=false><\/div><\/div><div class='ff-el-group'><div class='ff-el-input--content'><input type=\"text\" name=\"Dane_techniczne_sprzetu_2\" class=\"ff-el-form-control\" data-name=\"Dane_techniczne_sprzetu_2\" id=\"ff_4_Dane_techniczne_sprzetu_2\"  aria-invalid=\"false\" aria-required=false><\/div><\/div><div class='ff-el-group'><div class='ff-el-input--content'><input type=\"text\" name=\"Dane_techniczne_sprzetu_3\" class=\"ff-el-form-control\" data-name=\"Dane_techniczne_sprzetu_3\" id=\"ff_4_Dane_techniczne_sprzetu_3\"  aria-invalid=\"false\" aria-required=false><\/div><\/div><\/div><div class='ff-t-cell ff-t-column-4' style='flex-basis: 25%;'><div class='ff-el-group    ff-el-input--content'><div class='ff-el-form-check ff-el-tc'><label aria-label='Uwagi' class='ff-el-form-check-label ff_tc_label' for=Uwagi_3d2d3e4360256592a3f9b66909043907> <div class='ff_t_c'><p style=\"text-align: center\"><strong>Uwagi<\/strong><\/p><\/div><\/label><\/div><\/div><div class='ff-el-group'><div class='ff-el-input--content'><input type=\"text\" name=\"Uwagi_1\" class=\"ff-el-form-control\" data-name=\"Uwagi_1\" id=\"ff_4_Uwagi_1\"  aria-invalid=\"false\" aria-required=false><\/div><\/div><div class='ff-el-group'><div class='ff-el-input--content'><input type=\"text\" name=\"Uwagi_2\" class=\"ff-el-form-control\" data-name=\"Uwagi_2\" id=\"ff_4_Uwagi_2\"  aria-invalid=\"false\" aria-required=false><\/div><\/div><div class='ff-el-group'><div class='ff-el-input--content'><input type=\"text\" name=\"Uwagi_3\" class=\"ff-el-form-control\" data-name=\"Uwagi_3\" id=\"ff_4_Uwagi_3\"  aria-invalid=\"false\" aria-required=false><\/div><\/div><\/div><\/div><div data-name=\"ff_cn_id_3\"  class='ff-t-container ff-column-container ff_columns_total_2  '><div class='ff-t-cell ff-t-column-1' style='flex-basis: 22.43%;'><div class='ff-el-group    ff-el-input--content'><div class='ff-el-form-check ff-el-tc'><label aria-label='Data przekazania:' class='ff-el-form-check-label ff_tc_label' for=terms-n-condition_7_b9de9e827169f447fdcdc48451890d57> <div class='ff_t_c'><p style=\"text-align: left\">Data przekazania:<\/p><\/div><\/label><\/div><\/div><div class='ff-el-group    ff-el-input--content'><div class='ff-el-form-check ff-el-tc'><label aria-label='Imi\u0119 i Nazwisko przejmuj\u0105cego sprz\u0119t:' class='ff-el-form-check-label ff_tc_label' for=terms-n-condition_8_54980f563acfa1b3a6c9d8c122425971> <div class='ff_t_c'><p style=\"text-align: left\">Imi\u0119 i Nazwisko przejmuj\u0105cego sprz\u0119t:<\/p><\/div><\/label><\/div><\/div><div class='ff-el-group    ff-el-input--content'><div class='ff-el-form-check ff-el-tc'><label aria-label='Telefon kontaktowy:' class='ff-el-form-check-label ff_tc_label' for=Telefon_kontaktowy_ec352da5fc515c3a045c91f91e4adc43> <div class='ff_t_c'><p style=\"text-align: left\">Telefon kontaktowy:<\/p><\/div><\/label><\/div><\/div><\/div><div class='ff-t-cell ff-t-column-2' style='flex-basis: 77.57%;'><div class='ff-el-group'><div class='ff-el-input--content'><input  aria-label=' Use arrow keys to navigate dates. Press enter to select a date.'  aria-haspopup='dialog' data-type-datepicker data-format='d\/m\/Y' type=\"text\" name=\"datetime\" id=\"ff_4_datetime\" class=\"ff-el-form-control ff-el-datepicker\" data-name=\"datetime\"  aria-invalid='false' aria-required=false><\/div><\/div><div class='ff-el-group'><div class='ff-el-input--content'><input type=\"text\" name=\"Imie_i_Nazwisko_przejmujecego_sprzet\" class=\"ff-el-form-control\" data-name=\"Imie_i_Nazwisko_przejmujecego_sprzet\" id=\"ff_4_Imie_i_Nazwisko_przejmujecego_sprzet\"  aria-invalid=\"false\" aria-required=false><\/div><\/div><div class='ff-el-group'><div class='ff-el-input--content'><input type=\"text\" name=\"Telefon_kontaktowy_1\" class=\"ff-el-form-control\" data-name=\"Telefon_kontaktowy_1\" id=\"ff_4_Telefon_kontaktowy_1\"  aria-invalid=\"false\" aria-required=false><\/div><\/div><\/div><\/div><div class='ff-el-group ff-text-left ff_submit_btn_wrapper'><button type=\"submit\" class=\"ff-btn ff-btn-submit ff-btn-md ff_btn_style\" >Generuj PDF<\/button><\/div><\/fieldset><\/form><div id='fluentform_4_errors' class='ff-errors-in-stack ff_form_instance_4_1 ff-form-loading_errors ff_form_instance_4_1_errors'><\/div><\/div>            <script type=\"text\/javascript\">\n                window.fluent_form_ff_form_instance_4_1 = {\"id\":\"4\",\"settings\":{\"layout\":{\"labelPlacement\":\"top\",\"asteriskPlacement\":\"asterisk-right\",\"helpMessagePlacement\":\"with_label\",\"errorMessagePlacement\":\"inline\",\"cssClassName\":\"\"},\"restrictions\":{\"denyEmptySubmission\":{\"enabled\":false}}},\"form_instance\":\"ff_form_instance_4_1\",\"form_id_selector\":\"fluentform_4\",\"rules\":{\"Protok___zdawczo___odbiorczy\":{\"required\":{\"value\":false,\"message\":\"This field is required\",\"global_message\":\"This field is required\",\"global\":true}},\"nr_MOPR_XV_0250_\":{\"required\":{\"value\":false,\"message\":\"This field is required\",\"global_message\":\"This field is required\",\"global\":true}},\"Numer_protokolu\":{\"required\":{\"value\":false,\"message\":\"This field is required\",\"global_message\":\"This field is required\",\"global\":true}},\"Przekazanie_sprz_tu\":{\"required\":{\"value\":false,\"message\":\"This field is required\",\"global_message\":\"This field is required\",\"global\":true}},\"LP\":{\"required\":{\"value\":false,\"message\":\"This field is required\",\"global_message\":\"This field is required\",\"global\":true}},\"lp1\":{\"required\":{\"value\":false,\"message\":\"This field is required\",\"global_message\":\"This field is required\",\"global\":true}},\"lp2\":{\"required\":{\"value\":false,\"message\":\"This field is required\",\"global_message\":\"This field is required\",\"global\":true}},\"lp3\":{\"required\":{\"value\":false,\"message\":\"This field is required\",\"global_message\":\"This field is required\",\"global\":true}},\"Sprzet\":{\"required\":{\"value\":false,\"message\":\"This field is required\",\"global_message\":\"This field is required\",\"global\":true}},\"Sprzet1\":{\"required\":{\"value\":false,\"message\":\"This field is required\",\"global_message\":\"This field is required\",\"global\":true}},\"Sprzet_2\":{\"required\":{\"value\":false,\"message\":\"This field is required\",\"global_message\":\"This field is required\",\"global\":true}},\"Sprzet_3\":{\"required\":{\"value\":false,\"message\":\"This field is required\",\"global_message\":\"This field is required\",\"global\":true}},\"Dane_techniczne_sprzetu\":{\"required\":{\"value\":false,\"message\":\"This field is required\",\"global_message\":\"This field is required\",\"global\":true}},\"Dane_techniczne_sprzetu_1\":{\"required\":{\"value\":false,\"message\":\"This field is required\",\"global_message\":\"This field is required\",\"global\":true}},\"Dane_techniczne_sprzetu_2\":{\"required\":{\"value\":false,\"message\":\"This field is required\",\"global_message\":\"This field is required\",\"global\":true}},\"Dane_techniczne_sprzetu_3\":{\"required\":{\"value\":false,\"message\":\"This field is required\",\"global_message\":\"This field is required\",\"global\":true}},\"Uwagi\":{\"required\":{\"value\":false,\"message\":\"This field is required\",\"global_message\":\"This field is required\",\"global\":true}},\"Uwagi_1\":{\"required\":{\"value\":false,\"message\":\"This field is required\",\"global_message\":\"This field is required\",\"global\":true}},\"Uwagi_2\":{\"required\":{\"value\":false,\"message\":\"This field is required\",\"global_message\":\"This field is required\",\"global\":true}},\"Uwagi_3\":{\"required\":{\"value\":false,\"message\":\"This field is required\",\"global_message\":\"This field is required\",\"global\":true}},\"terms-n-condition_7\":{\"required\":{\"value\":false,\"message\":\"This field is required\",\"global_message\":\"This field is required\",\"global\":true}},\"terms-n-condition_8\":{\"required\":{\"value\":false,\"message\":\"This field is required\",\"global_message\":\"This field is required\",\"global\":true}},\"Telefon_kontaktowy\":{\"required\":{\"value\":false,\"message\":\"This field is required\",\"global_message\":\"This field is required\",\"global\":true}},\"datetime\":{\"required\":{\"value\":false,\"message\":\"This field is required\",\"global_message\":\"This field is required\",\"global\":true}},\"Imie_i_Nazwisko_przejmujecego_sprzet\":{\"required\":{\"value\":false,\"message\":\"This field is required\",\"global_message\":\"This field is required\",\"global\":true}},\"Telefon_kontaktowy_1\":{\"required\":{\"value\":false,\"message\":\"This field is required\",\"global_message\":\"This field is required\",\"global\":true}}},\"debounce_time\":300};\n                            <\/script>\n            <\/div>\n\t\t\t\t\t\t<\/div>\n\t\t\t\t<\/div>\n\t\t\t\t\t<\/div>\n\t\t\t\t<\/div>\n\t\t<div class=\"elementor-element elementor-element-6d8ccf1 e-flex e-con-boxed e-con e-parent\" data-id=\"6d8ccf1\" data-element_type=\"container\">\n\t\t\t\t\t<div class=\"e-con-inner\">\n\t\t\t\t<div class=\"elementor-element elementor-element-e769cb6 elementor-widget elementor-widget-shortcode\" data-id=\"e769cb6\" data-element_type=\"widget\" data-widget_type=\"shortcode.default\">\n\t\t\t\t<div class=\"elementor-widget-container\">\n\t\t\t\t\t\t\t<div class=\"elementor-shortcode\">[fluent_table_with_notes]\n<\/div>\n\t\t\t\t\t\t<\/div>\n\t\t\t\t<\/div>\n\t\t\t\t\t<\/div>\n\t\t\t\t<\/div>\n\t\t\t\t<\/div>\n\t\t","protected":false},"excerpt":{"rendered":"<p>[fluent_table_with_notes]<\/p>\n","protected":false},"author":1,"featured_media":0,"parent":0,"menu_order":0,"comment_status":"closed","ping_status":"closed","template":"","meta":{"site-sidebar-layout":"no-sidebar","site-content-layout":"","ast-site-content-layout":"full-width-container","site-content-style":"default","site-sidebar-style":"default","ast-global-header-display":"","ast-banner-title-visibility":"","ast-main-header-display":"","ast-hfb-above-header-display":"","ast-hfb-below-header-display":"","ast-hfb-mobile-header-display":"","site-post-title":"disabled","ast-breadcrumbs-content":"","ast-featured-img":"disabled","footer-sml-layout":"","theme-transparent-header-meta":"","adv-header-id-meta":"","stick-header-meta":"","header-above-stick-meta":"","header-main-stick-meta":"","header-below-stick-meta":"","astra-migrate-meta-layouts":"default","ast-page-background-enabled":"default","ast-page-background-meta":{"desktop":{"background-color":"var(--ast-global-color-5)","background-image":"","background-repeat":"repeat","background-position":"center center","background-size":"auto","background-attachment":"scroll","background-type":"","background-media":"","overlay-type":"","overlay-color":"","overlay-opacity":"","overlay-gradient":""},"tablet":{"background-color":"","background-image":"","background-repeat":"repeat","background-position":"center center","background-size":"auto","background-attachment":"scroll","background-type":"","background-media":"","overlay-type":"","overlay-color":"","overlay-opacity":"","overlay-gradient":""},"mobile":{"background-color":"","background-image":"","background-repeat":"repeat","background-position":"center center","background-size":"auto","background-attachment":"scroll","background-type":"","background-media":"","overlay-type":"","overlay-color":"","overlay-opacity":"","overlay-gradient":""}},"ast-content-background-meta":{"desktop":{"background-color":"var(--ast-global-color-4)","background-image":"","background-repeat":"repeat","background-position":"center center","background-size":"auto","background-attachment":"scroll","background-type":"","background-media":"","overlay-type":"","overlay-color":"","overlay-opacity":"","overlay-gradient":""},"tablet":{"background-color":"var(--ast-global-color-4)","background-image":"","background-repeat":"repeat","background-position":"center center","background-size":"auto","background-attachment":"scroll","background-type":"","background-media":"","overlay-type":"","overlay-color":"","overlay-opacity":"","overlay-gradient":""},"mobile":{"background-color":"var(--ast-global-color-4)","background-image":"","background-repeat":"repeat","background-position":"center center","background-size":"auto","background-attachment":"scroll","background-type":"","background-media":"","overlay-type":"","overlay-color":"","overlay-opacity":"","overlay-gradient":""}},"footnotes":""},"class_list":["post-32","page","type-page","status-publish","hentry"],"_links":{"self":[{"href":"https:\/\/forms.mopr.poznan.pl\/index.php?rest_route=\/wp\/v2\/pages\/32","targetHints":{"allow":["GET"]}}],"collection":[{"href":"https:\/\/forms.mopr.poznan.pl\/index.php?rest_route=\/wp\/v2\/pages"}],"about":[{"href":"https:\/\/forms.mopr.poznan.pl\/index.php?rest_route=\/wp\/v2\/types\/page"}],"author":[{"embeddable":true,"href":"https:\/\/forms.mopr.poznan.pl\/index.php?rest_route=\/wp\/v2\/users\/1"}],"replies":[{"embeddable":true,"href":"https:\/\/forms.mopr.poznan.pl\/index.php?rest_route=%2Fwp%2Fv2%2Fcomments&post=32"}],"version-history":[{"count":10,"href":"https:\/\/forms.mopr.poznan.pl\/index.php?rest_route=\/wp\/v2\/pages\/32\/revisions"}],"predecessor-version":[{"id":90,"href":"https:\/\/forms.mopr.poznan.pl\/index.php?rest_route=\/wp\/v2\/pages\/32\/revisions\/90"}],"wp:attachment":[{"href":"https:\/\/forms.mopr.poznan.pl\/index.php?rest_route=%2Fwp%2Fv2%2Fmedia&parent=32"}],"curies":[{"name":"wp","href":"https:\/\/api.w.org\/{rel}","templated":true}]}}